{"id":525,"date":"2024-12-09T18:00:16","date_gmt":"2024-12-09T17:00:16","guid":{"rendered":"https:\/\/emerginglinguists.org\/?page_id=525"},"modified":"2024-12-09T21:13:50","modified_gmt":"2024-12-09T20:13:50","slug":"was-wir-tun","status":"publish","type":"page","link":"https:\/\/emerginglinguists.org\/de\/was-wir-tun\/","title":{"rendered":"Was wir tun"},"content":{"rendered":"\n<p>Der Verein Emerging Linguists hat es sich zur Aufgabe gemacht, die Sichtbarkeit studentischer Arbeiten zu f\u00f6rdern und Interessierte, Absolvent:innen und Studierende der Sprachwissenschaft und verwandten Disziplinen zu vernetzen.\u00a0<br><br>Mitglieder und andere Personen werden bei und nach ihrem Studium durch unterschiedliche Informationen, Tutorials und Geschichten unterst\u00fctzt. Diese Informationen findest du unter <a href=\"https:\/\/emerginglinguists.org\/was-wir-tun\/\" data-type=\"page\" data-id=\"525\">Aktuelles<\/a>.<br><br>Wir veranstalten auch immer wieder Workshops, sind auf Konferenzen und haben eine Tagung in Wien ins Leben gerufen.\u00a0<br><br>Wir sind offen f\u00fcr neue Vorschl\u00e4ge und Projekte. Wenn du als Emerging Linguist mitwirken m\u00f6chtest, findest du weitere Informationen auf der Seite <a href=\"https:\/\/emerginglinguists.org\/mitwirken\/\" data-type=\"page\" data-id=\"555\">Mitwirken<\/a>.\u00a0<\/p>\n","protected":false},"excerpt":{"rendered":"<p>Der Verein Emerging Linguists hat es sich zur Aufgabe gemacht, die Sichtbarkeit studentischer Arbeiten zu f\u00f6rdern und Interessierte, Absolvent:innen und Studierende der Sprachwissenschaft und verwandten Disziplinen zu vernetzen.\u00a0 Mitglieder und andere Personen werden bei und nach ihrem Studium durch unterschiedliche Informationen, Tutorials und Geschichten unterst\u00fctzt. Diese Informationen findest du unter Aktuelles. Wir veranstalten auch immer [&hellip;]<\/p>\n","protected":false},"author":1,"featured_media":0,"parent":0,"menu_order":0,"comment_status":"closed","ping_status":"closed","template":"","meta":{"footnotes":""},"class_list":["post-525","page","type-page","status-publish","hentry"],"_links":{"self":[{"href":"https:\/\/emerginglinguists.org\/de\/wp-json\/wp\/v2\/pages\/525","targetHints":{"allow":["GET"]}}],"collection":[{"href":"https:\/\/emerginglinguists.org\/de\/wp-json\/wp\/v2\/pages"}],"about":[{"href":"https:\/\/emerginglinguists.org\/de\/wp-json\/wp\/v2\/types\/page"}],"author":[{"embeddable":true,"href":"https:\/\/emerginglinguists.org\/de\/wp-json\/wp\/v2\/users\/1"}],"replies":[{"embeddable":true,"href":"https:\/\/emerginglinguists.org\/de\/wp-json\/wp\/v2\/comments?post=525"}],"version-history":[{"count":4,"href":"https:\/\/emerginglinguists.org\/de\/wp-json\/wp\/v2\/pages\/525\/revisions"}],"predecessor-version":[{"id":614,"href":"https:\/\/emerginglinguists.org\/de\/wp-json\/wp\/v2\/pages\/525\/revisions\/614"}],"wp:attachment":[{"href":"https:\/\/emerginglinguists.org\/de\/wp-json\/wp\/v2\/media?parent=525"}],"curies":[{"name":"wp","href":"https:\/\/api.w.org\/{rel}","templated":true}]}}